{"id":517,"date":"2026-03-19T16:07:49","date_gmt":"2026-03-19T16:07:49","guid":{"rendered":"https:\/\/pisam.de\/?page_id=517"},"modified":"2026-03-19T16:13:07","modified_gmt":"2026-03-19T16:13:07","slug":"impressum","status":"publish","type":"page","link":"https:\/\/pisam.de\/index.php\/impressum\/","title":{"rendered":"Impressum"},"content":{"rendered":"\n<p>Inhaltlich verantwortlich:&nbsp;<br>Herbert Sauber, Babelsbegerstr. 9, 10715 Berlin<br><\/p>\n\n\n\n<h6 class=\"wp-block-heading\">Rechtliche Hinweise<\/h6>\n\n\n\n<p>Trotz sorgf\u00e4ltiger inhaltlicher Kontrolle wird keine Haftung f\u00fcr die Inhalte externer Webseiten \u00fcbernommen, auf die von dieser Webseite verlinkt wird. F\u00fcr die Inhalte verlinkter Webseiten sind ausschlie\u00dflich deren Betreiber verantwortlich.\u00a0<br>Die Inhalte dieser Webseite sind urheberrechtlich gesch\u00fctzt und d\u00fcrfen ohne schriftliche Genehmigung weder vollst\u00e4ndig noch auszugsweise dupliziert, nachgeahmt oder kommerziell verwertet werden. Die Einrichtung von Hyperlinks, die auf diese Website verweisen, ist ausdr\u00fccklich erw\u00fcnscht, soweit es sich um Verweise in einem positiven Kontext handelt, der den  Interessen dieser Webseite und dessen Betreiber nicht widerspricht. Bitte setzen Sie sich hierzu mit Herbert Sauber in Verbindung.\u00a0<\/p>\n\n\n\n<p><\/p>\n","protected":false},"excerpt":{"rendered":"<p>Inhaltlich verantwortlich:&nbsp;Herbert Sauber, Babelsbegerstr. 9, 10715 Berlin Rechtliche Hinweise Trotz sorgf\u00e4ltiger inhaltlicher Kontrolle wird keine Haftung f\u00fcr die Inhalte externer Webseiten \u00fcbernommen, auf die von dieser Webseite verlinkt wird. F\u00fcr die Inhalte verlinkter Webseiten sind ausschlie\u00dflich deren Betreiber verantwortlich.\u00a0Die Inhalte dieser Webseite sind urheberrechtlich gesch\u00fctzt und d\u00fcrfen ohne schriftliche Genehmigung weder vollst\u00e4ndig noch auszugsweise dupliziert, [&hellip;]<\/p>\n","protected":false},"author":1,"featured_media":0,"parent":0,"menu_order":10,"comment_status":"closed","ping_status":"closed","template":"","meta":{"footnotes":""},"class_list":["post-517","page","type-page","status-publish","hentry"],"_links":{"self":[{"href":"https:\/\/pisam.de\/index.php\/wp-json\/wp\/v2\/pages\/517","targetHints":{"allow":["GET"]}}],"collection":[{"href":"https:\/\/pisam.de\/index.php\/wp-json\/wp\/v2\/pages"}],"about":[{"href":"https:\/\/pisam.de\/index.php\/wp-json\/wp\/v2\/types\/page"}],"author":[{"embeddable":true,"href":"https:\/\/pisam.de\/index.php\/wp-json\/wp\/v2\/users\/1"}],"replies":[{"embeddable":true,"href":"https:\/\/pisam.de\/index.php\/wp-json\/wp\/v2\/comments?post=517"}],"version-history":[{"count":4,"href":"https:\/\/pisam.de\/index.php\/wp-json\/wp\/v2\/pages\/517\/revisions"}],"predecessor-version":[{"id":522,"href":"https:\/\/pisam.de\/index.php\/wp-json\/wp\/v2\/pages\/517\/revisions\/522"}],"wp:attachment":[{"href":"https:\/\/pisam.de\/index.php\/wp-json\/wp\/v2\/media?parent=517"}],"curies":[{"name":"wp","href":"https:\/\/api.w.org\/{rel}","templated":true}]}}