{"id":474,"date":"2026-03-17T11:49:28","date_gmt":"2026-03-17T11:49:28","guid":{"rendered":"https:\/\/pisam.de\/?page_id=474"},"modified":"2026-03-20T14:59:10","modified_gmt":"2026-03-20T14:59:10","slug":"diverses","status":"publish","type":"page","link":"https:\/\/pisam.de\/index.php\/diverses\/","title":{"rendered":"Diverses"},"content":{"rendered":"\n<div class=\"wp-block-group is-layout-flow wp-block-group-is-layout-flow\">\n<p style=\"font-size:clamp(23.043px, 1.44rem + ((1vw - 3.2px) * 1.466), 38px);\">Hypothesen: Coronatest und Falschspieler<\/p>\n\n\n\n<p style=\"font-size:clamp(14px, 0.875rem + ((1vw - 3.2px) * 0.392), 18px);\">Der folgende Beitrag wurde geschrieben, um f\u00fcr mathematisch interessierte Oberstufensch\u00fcler eines Gymnasiums das anspruchsvolle Thema der Untersuchung von einfachen Tests in einem leicht verst\u00e4ndlichen Kontext zu erl\u00e4utern.<\/p>\n\n\n\n<div style=\"height:42px\" aria-hidden=\"true\" class=\"wp-block-spacer\"><\/div>\n\n\n\n<a href=\"https:\/\/pisam.de\/wordpress\/wp-content\/uploads\/2026\/03\/Hypothesentest.pdf\" class=\"pdfemb-viewer\" style=\"width:1000px;height:500px;\" data-width=\"1000\" data-height=\"500\" data-toolbar=\"bottom\" data-toolbar-fixed=\"off\">Hypothesentest<\/a>\n\n\n\n<div style=\"height:27px\" aria-hidden=\"true\" class=\"wp-block-spacer\"><\/div>\n\n\n\n<div class=\"wp-block-buttons is-content-justification-center is-layout-flex wp-container-core-buttons-is-layout-a89b3969 wp-block-buttons-is-layout-flex\">\n<div class=\"wp-block-button\"><a class=\"wp-block-button__link wp-element-button\" href=\"https:\/\/pisam.de\/wordpress\/wp-content\/uploads\/2026\/03\/Hypothesentest.pdf\">weiter lesen<\/a><\/div>\n<\/div>\n\n\n\n\n\n<div style=\"height:73px\" aria-hidden=\"true\" class=\"wp-block-spacer\"><\/div>\n<\/div>\n\n\n\n<div class=\"wp-block-group is-layout-flow wp-block-group-is-layout-flow\">\n<p style=\"font-size:clamp(23.043px, 1.44rem + ((1vw - 3.2px) * 1.466), 38px);\">RSA &#8211; Verschl\u00fcsselung<\/p>\n\n\n\n<p style=\"font-size:clamp(14px, 0.875rem + ((1vw - 3.2px) * 0.392), 18px);\">Der folgende Beitrag wurde 1997 f\u00fcr Sch\u00fcler eines Informatikkurses am Berliner Marie-Curie-Gymnasium geschrieben.<\/p>\n\n\n\n<div style=\"height:42px\" aria-hidden=\"true\" class=\"wp-block-spacer\"><\/div>\n\n\n\n<a href=\"https:\/\/pisam.de\/wordpress\/wp-content\/uploads\/2026\/03\/rsa.pdf\" class=\"pdfemb-viewer\" style=\"width:1000px;height:500px;\" data-width=\"1000\" data-height=\"500\" data-toolbar=\"bottom\" data-toolbar-fixed=\"off\">rsa<\/a>\n\n\n\n<div style=\"height:27px\" aria-hidden=\"true\" class=\"wp-block-spacer\"><\/div>\n\n\n\n<div class=\"wp-block-buttons is-content-justification-center is-layout-flex wp-container-core-buttons-is-layout-a89b3969 wp-block-buttons-is-layout-flex\">\n<div class=\"wp-block-button\"><a class=\"wp-block-button__link wp-element-button\" href=\"https:\/\/pisam.de\/wordpress\/wp-content\/uploads\/2026\/03\/rsa.pdf\">weiter lesen<\/a><\/div>\n<\/div>\n\n\n<\/div>\n","protected":false},"excerpt":{"rendered":"<p>Hypothesen: Coronatest und Falschspieler Der folgende Beitrag wurde geschrieben, um f\u00fcr mathematisch interessierte Oberstufensch\u00fcler eines Gymnasiums das anspruchsvolle Thema der Untersuchung von einfachen Tests in einem leicht verst\u00e4ndlichen Kontext zu erl\u00e4utern. RSA &#8211; Verschl\u00fcsselung Der folgende Beitrag wurde 1997 f\u00fcr Sch\u00fcler eines Informatikkurses am Berliner Marie-Curie-Gymnasium geschrieben.<\/p>\n","protected":false},"author":1,"featured_media":0,"parent":0,"menu_order":9,"comment_status":"closed","ping_status":"closed","template":"","meta":{"footnotes":""},"class_list":["post-474","page","type-page","status-publish","hentry"],"_links":{"self":[{"href":"https:\/\/pisam.de\/index.php\/wp-json\/wp\/v2\/pages\/474","targetHints":{"allow":["GET"]}}],"collection":[{"href":"https:\/\/pisam.de\/index.php\/wp-json\/wp\/v2\/pages"}],"about":[{"href":"https:\/\/pisam.de\/index.php\/wp-json\/wp\/v2\/types\/page"}],"author":[{"embeddable":true,"href":"https:\/\/pisam.de\/index.php\/wp-json\/wp\/v2\/users\/1"}],"replies":[{"embeddable":true,"href":"https:\/\/pisam.de\/index.php\/wp-json\/wp\/v2\/comments?post=474"}],"version-history":[{"count":26,"href":"https:\/\/pisam.de\/index.php\/wp-json\/wp\/v2\/pages\/474\/revisions"}],"predecessor-version":[{"id":532,"href":"https:\/\/pisam.de\/index.php\/wp-json\/wp\/v2\/pages\/474\/revisions\/532"}],"wp:attachment":[{"href":"https:\/\/pisam.de\/index.php\/wp-json\/wp\/v2\/media?parent=474"}],"curies":[{"name":"wp","href":"https:\/\/api.w.org\/{rel}","templated":true}]}}