{"id":254,"date":"2026-03-10T12:38:29","date_gmt":"2026-03-10T12:38:29","guid":{"rendered":"https:\/\/pisam.de\/?page_id=254"},"modified":"2026-03-26T04:42:06","modified_gmt":"2026-03-26T04:42:06","slug":"mandelbrotmenge","status":"publish","type":"page","link":"https:\/\/pisam.de\/index.php\/mandelbrotmenge\/","title":{"rendered":"Mandelbrotmenge"},"content":{"rendered":"\n<p style=\"font-size:clamp(26.944px, 1.684rem + ((1vw - 3.2px) * 1.868), 46px);\">Die Mandelbrotmenge,<\/p>\n\n\n\n<div class=\"wp-block-media-text is-stacked-on-mobile\" style=\"grid-template-columns:44% auto\"><figure class=\"wp-block-media-text__media\"><a href=\"https:\/\/pisam.de\/wordpress\/wp-content\/uploads\/2026\/03\/MandelbrotMengeGanz-1-2-scaled.jpg\"><img loading=\"lazy\" decoding=\"async\" width=\"1024\" height=\"640\" src=\"https:\/\/pisam.de\/wordpress\/wp-content\/uploads\/2026\/03\/MandelbrotMengeGanz-1-2-1024x640.jpg\" alt=\"\" class=\"wp-image-366 size-full\" srcset=\"https:\/\/pisam.de\/wordpress\/wp-content\/uploads\/2026\/03\/MandelbrotMengeGanz-1-2-1024x640.jpg 1024w, https:\/\/pisam.de\/wordpress\/wp-content\/uploads\/2026\/03\/MandelbrotMengeGanz-1-2-300x188.jpg 300w, https:\/\/pisam.de\/wordpress\/wp-content\/uploads\/2026\/03\/MandelbrotMengeGanz-1-2-768x480.jpg 768w, https:\/\/pisam.de\/wordpress\/wp-content\/uploads\/2026\/03\/MandelbrotMengeGanz-1-2-1536x960.jpg 1536w, https:\/\/pisam.de\/wordpress\/wp-content\/uploads\/2026\/03\/MandelbrotMengeGanz-1-2-2048x1280.jpg 2048w\" sizes=\"auto, (max-width: 1024px) 100vw, 1024px\" \/><\/a><\/figure><div class=\"wp-block-media-text__content\">\n<p style=\"font-size:clamp(14.642px, 0.915rem + ((1vw - 3.2px) * 0.721), 22px);\">benannt nach ihrem Entdecker, Beno\u00eet Mandelbrot, ist eine Menge von Punkten in der komplexen Zahlenebene in der N\u00e4he des Ursprungs, die sich auszeichnet durch ihre unerwartete Vielfalt sich wiederholender Strukturen von seltener Sch\u00f6nheit.<\/p>\n\n\n\n<p>Ihre Definition ist verbl\u00fcffend einfach: Ein Punkt a der komplexen Zahlenebene geh\u00f6rt genau dann zur Mandelbrotmenge, wenn die aus a generierte Folge<\/p>\n\n\n\n<div class=\"wp-block-math\"><math display=\"block\"><semantics><mrow><msub><mi>z<\/mi><mn>0<\/mn><\/msub><mo>=<\/mo><mn>0<\/mn><mo separator=\"true\">,<\/mo><mspace width=\"2em\"><\/mspace><msub><mi>z<\/mi><mrow><mi>n<\/mi><mo>+<\/mo><mn>1<\/mn><\/mrow><\/msub><mo>=<\/mo><msubsup><mi>z<\/mi><mi>n<\/mi><mn>2<\/mn><\/msubsup><mo>+<\/mo><mi>a<\/mi><\/mrow><annotation encoding=\"application\/x-tex\">\nz_0 = 0, \\qquad z_{n+1} = z_n^2 + a \n\n<\/annotation><\/semantics><\/math><\/div>\n\n\n\n\n\n<p>beschr\u00e4nkt ist, dabei gelten f\u00fcr die Addition und die Multiplikation die Gesetze der komplexen Zahlen.<\/p>\n<\/div><\/div>\n\n\n\n<p>Die angesprochenen &#8222;Strukturen von seltener Sch\u00f6nheit&#8220; entstehen am Rand der Menge, wenn die Einf\u00e4rbung der generierenden Punkte a nach folgender Regel erfolgt:<\/p>\n\n\n\n<p>Die Farbe Rot ist f\u00fcr die Punkte reserviert, die beschr\u00e4nkte Folgen erzeugen, sie geh\u00f6ren zur Mandelbrotmenge. Die anderen Farben werden je nach der Geschwindigkeit vergeben, mit der die Folge sich vom Ursprung unbeschr\u00e4nkt entfernt.<\/p>\n\n\n\n<div style=\"height:45px\" aria-hidden=\"true\" class=\"wp-block-spacer\"><\/div>\n\n\n\n<figure class=\"wp-block-gallery has-nested-images columns-default is-cropped wp-block-gallery-1 is-layout-flex wp-block-gallery-is-layout-flex\">\n<figure class=\"wp-block-image size-large\"><a href=\"https:\/\/pisam.de\/wordpress\/wp-content\/uploads\/2026\/03\/Mandelbrot2-1-scaled.jpg\"><img loading=\"lazy\" decoding=\"async\" width=\"1024\" height=\"640\" data-id=\"341\" src=\"https:\/\/pisam.de\/wordpress\/wp-content\/uploads\/2026\/03\/Mandelbrot2-1-1024x640.jpg\" alt=\"\" class=\"wp-image-341\" srcset=\"https:\/\/pisam.de\/wordpress\/wp-content\/uploads\/2026\/03\/Mandelbrot2-1-1024x640.jpg 1024w, https:\/\/pisam.de\/wordpress\/wp-content\/uploads\/2026\/03\/Mandelbrot2-1-300x188.jpg 300w, https:\/\/pisam.de\/wordpress\/wp-content\/uploads\/2026\/03\/Mandelbrot2-1-768x480.jpg 768w, https:\/\/pisam.de\/wordpress\/wp-content\/uploads\/2026\/03\/Mandelbrot2-1-1536x960.jpg 1536w, https:\/\/pisam.de\/wordpress\/wp-content\/uploads\/2026\/03\/Mandelbrot2-1-2048x1280.jpg 2048w\" sizes=\"auto, (max-width: 1024px) 100vw, 1024px\" \/><\/a><\/figure>\n\n\n\n<figure class=\"wp-block-image size-large\"><a href=\"https:\/\/pisam.de\/wordpress\/wp-content\/uploads\/2026\/03\/Mandelbrot4-1-scaled.jpg\"><img loading=\"lazy\" decoding=\"async\" width=\"1024\" height=\"640\" data-id=\"343\" src=\"https:\/\/pisam.de\/wordpress\/wp-content\/uploads\/2026\/03\/Mandelbrot4-1-1024x640.jpg\" alt=\"\" class=\"wp-image-343\" srcset=\"https:\/\/pisam.de\/wordpress\/wp-content\/uploads\/2026\/03\/Mandelbrot4-1-1024x640.jpg 1024w, https:\/\/pisam.de\/wordpress\/wp-content\/uploads\/2026\/03\/Mandelbrot4-1-300x188.jpg 300w, https:\/\/pisam.de\/wordpress\/wp-content\/uploads\/2026\/03\/Mandelbrot4-1-768x480.jpg 768w, https:\/\/pisam.de\/wordpress\/wp-content\/uploads\/2026\/03\/Mandelbrot4-1-1536x960.jpg 1536w, https:\/\/pisam.de\/wordpress\/wp-content\/uploads\/2026\/03\/Mandelbrot4-1-2048x1280.jpg 2048w\" sizes=\"auto, (max-width: 1024px) 100vw, 1024px\" \/><\/a><\/figure>\n\n\n\n<figure class=\"wp-block-image size-large\"><a href=\"https:\/\/pisam.de\/wordpress\/wp-content\/uploads\/2026\/03\/Mandelbrot5-1-scaled.jpg\"><img loading=\"lazy\" decoding=\"async\" width=\"1024\" height=\"640\" data-id=\"342\" src=\"https:\/\/pisam.de\/wordpress\/wp-content\/uploads\/2026\/03\/Mandelbrot5-1-1024x640.jpg\" alt=\"\" class=\"wp-image-342\" srcset=\"https:\/\/pisam.de\/wordpress\/wp-content\/uploads\/2026\/03\/Mandelbrot5-1-1024x640.jpg 1024w, https:\/\/pisam.de\/wordpress\/wp-content\/uploads\/2026\/03\/Mandelbrot5-1-300x188.jpg 300w, https:\/\/pisam.de\/wordpress\/wp-content\/uploads\/2026\/03\/Mandelbrot5-1-768x480.jpg 768w, https:\/\/pisam.de\/wordpress\/wp-content\/uploads\/2026\/03\/Mandelbrot5-1-1536x960.jpg 1536w, https:\/\/pisam.de\/wordpress\/wp-content\/uploads\/2026\/03\/Mandelbrot5-1-2048x1280.jpg 2048w\" sizes=\"auto, (max-width: 1024px) 100vw, 1024px\" \/><\/a><\/figure>\n\n\n\n<figure class=\"wp-block-image size-large\"><a href=\"https:\/\/pisam.de\/wordpress\/wp-content\/uploads\/2026\/03\/Mandelbrot7-1-scaled.jpg\"><img loading=\"lazy\" decoding=\"async\" width=\"1024\" height=\"640\" data-id=\"345\" src=\"https:\/\/pisam.de\/wordpress\/wp-content\/uploads\/2026\/03\/Mandelbrot7-1-1024x640.jpg\" alt=\"\" class=\"wp-image-345\" srcset=\"https:\/\/pisam.de\/wordpress\/wp-content\/uploads\/2026\/03\/Mandelbrot7-1-1024x640.jpg 1024w, https:\/\/pisam.de\/wordpress\/wp-content\/uploads\/2026\/03\/Mandelbrot7-1-300x188.jpg 300w, https:\/\/pisam.de\/wordpress\/wp-content\/uploads\/2026\/03\/Mandelbrot7-1-768x480.jpg 768w, https:\/\/pisam.de\/wordpress\/wp-content\/uploads\/2026\/03\/Mandelbrot7-1-1536x960.jpg 1536w, https:\/\/pisam.de\/wordpress\/wp-content\/uploads\/2026\/03\/Mandelbrot7-1-2048x1280.jpg 2048w\" sizes=\"auto, (max-width: 1024px) 100vw, 1024px\" \/><\/a><\/figure>\n\n\n\n<figure class=\"wp-block-image size-large\"><a href=\"https:\/\/pisam.de\/wordpress\/wp-content\/uploads\/2026\/03\/Mandelbrot9-1-scaled.jpg\"><img loading=\"lazy\" decoding=\"async\" width=\"1024\" height=\"640\" data-id=\"340\" src=\"https:\/\/pisam.de\/wordpress\/wp-content\/uploads\/2026\/03\/Mandelbrot9-1-1024x640.jpg\" alt=\"\" class=\"wp-image-340\" srcset=\"https:\/\/pisam.de\/wordpress\/wp-content\/uploads\/2026\/03\/Mandelbrot9-1-1024x640.jpg 1024w, https:\/\/pisam.de\/wordpress\/wp-content\/uploads\/2026\/03\/Mandelbrot9-1-300x188.jpg 300w, https:\/\/pisam.de\/wordpress\/wp-content\/uploads\/2026\/03\/Mandelbrot9-1-768x480.jpg 768w, https:\/\/pisam.de\/wordpress\/wp-content\/uploads\/2026\/03\/Mandelbrot9-1-1536x960.jpg 1536w, https:\/\/pisam.de\/wordpress\/wp-content\/uploads\/2026\/03\/Mandelbrot9-1-2048x1280.jpg 2048w\" sizes=\"auto, (max-width: 1024px) 100vw, 1024px\" \/><\/a><\/figure>\n\n\n\n<figure class=\"wp-block-image size-large\"><a href=\"https:\/\/pisam.de\/wordpress\/wp-content\/uploads\/2026\/03\/Mandelbrot10-1-scaled.jpg\"><img loading=\"lazy\" decoding=\"async\" width=\"1024\" height=\"640\" data-id=\"348\" src=\"https:\/\/pisam.de\/wordpress\/wp-content\/uploads\/2026\/03\/Mandelbrot10-1-1024x640.jpg\" alt=\"\" class=\"wp-image-348\" srcset=\"https:\/\/pisam.de\/wordpress\/wp-content\/uploads\/2026\/03\/Mandelbrot10-1-1024x640.jpg 1024w, https:\/\/pisam.de\/wordpress\/wp-content\/uploads\/2026\/03\/Mandelbrot10-1-300x188.jpg 300w, https:\/\/pisam.de\/wordpress\/wp-content\/uploads\/2026\/03\/Mandelbrot10-1-768x480.jpg 768w, https:\/\/pisam.de\/wordpress\/wp-content\/uploads\/2026\/03\/Mandelbrot10-1-1536x960.jpg 1536w, https:\/\/pisam.de\/wordpress\/wp-content\/uploads\/2026\/03\/Mandelbrot10-1-2048x1280.jpg 2048w\" sizes=\"auto, (max-width: 1024px) 100vw, 1024px\" \/><\/a><\/figure>\n\n\n\n<figure class=\"wp-block-image size-large\"><a href=\"https:\/\/pisam.de\/wordpress\/wp-content\/uploads\/2026\/03\/Mandelbrot17-1-scaled.jpg\"><img loading=\"lazy\" decoding=\"async\" width=\"1024\" height=\"640\" data-id=\"344\" src=\"https:\/\/pisam.de\/wordpress\/wp-content\/uploads\/2026\/03\/Mandelbrot17-1-1024x640.jpg\" alt=\"\" class=\"wp-image-344\" srcset=\"https:\/\/pisam.de\/wordpress\/wp-content\/uploads\/2026\/03\/Mandelbrot17-1-1024x640.jpg 1024w, https:\/\/pisam.de\/wordpress\/wp-content\/uploads\/2026\/03\/Mandelbrot17-1-300x188.jpg 300w, https:\/\/pisam.de\/wordpress\/wp-content\/uploads\/2026\/03\/Mandelbrot17-1-768x480.jpg 768w, https:\/\/pisam.de\/wordpress\/wp-content\/uploads\/2026\/03\/Mandelbrot17-1-1536x960.jpg 1536w, https:\/\/pisam.de\/wordpress\/wp-content\/uploads\/2026\/03\/Mandelbrot17-1-2048x1280.jpg 2048w\" sizes=\"auto, (max-width: 1024px) 100vw, 1024px\" \/><\/a><\/figure>\n\n\n\n<figure class=\"wp-block-image size-large\"><a href=\"https:\/\/pisam.de\/wordpress\/wp-content\/uploads\/2026\/03\/Mandelbrot18-1-scaled.jpg\"><img loading=\"lazy\" decoding=\"async\" width=\"1024\" height=\"640\" data-id=\"336\" src=\"https:\/\/pisam.de\/wordpress\/wp-content\/uploads\/2026\/03\/Mandelbrot18-1-1024x640.jpg\" alt=\"\" class=\"wp-image-336\" srcset=\"https:\/\/pisam.de\/wordpress\/wp-content\/uploads\/2026\/03\/Mandelbrot18-1-1024x640.jpg 1024w, https:\/\/pisam.de\/wordpress\/wp-content\/uploads\/2026\/03\/Mandelbrot18-1-300x188.jpg 300w, https:\/\/pisam.de\/wordpress\/wp-content\/uploads\/2026\/03\/Mandelbrot18-1-768x480.jpg 768w, https:\/\/pisam.de\/wordpress\/wp-content\/uploads\/2026\/03\/Mandelbrot18-1-1536x960.jpg 1536w, https:\/\/pisam.de\/wordpress\/wp-content\/uploads\/2026\/03\/Mandelbrot18-1-2048x1280.jpg 2048w\" sizes=\"auto, (max-width: 1024px) 100vw, 1024px\" \/><\/a><\/figure>\n\n\n\n<figure class=\"wp-block-image size-large\"><a href=\"https:\/\/pisam.de\/wordpress\/wp-content\/uploads\/2026\/03\/Mandelbrot19-1-scaled.jpg\"><img loading=\"lazy\" decoding=\"async\" width=\"1024\" height=\"640\" data-id=\"339\" src=\"https:\/\/pisam.de\/wordpress\/wp-content\/uploads\/2026\/03\/Mandelbrot19-1-1024x640.jpg\" alt=\"\" class=\"wp-image-339\" srcset=\"https:\/\/pisam.de\/wordpress\/wp-content\/uploads\/2026\/03\/Mandelbrot19-1-1024x640.jpg 1024w, https:\/\/pisam.de\/wordpress\/wp-content\/uploads\/2026\/03\/Mandelbrot19-1-300x188.jpg 300w, https:\/\/pisam.de\/wordpress\/wp-content\/uploads\/2026\/03\/Mandelbrot19-1-768x480.jpg 768w, https:\/\/pisam.de\/wordpress\/wp-content\/uploads\/2026\/03\/Mandelbrot19-1-1536x960.jpg 1536w, https:\/\/pisam.de\/wordpress\/wp-content\/uploads\/2026\/03\/Mandelbrot19-1-2048x1280.jpg 2048w\" sizes=\"auto, (max-width: 1024px) 100vw, 1024px\" \/><\/a><\/figure>\n\n\n\n<figure class=\"wp-block-image size-large\"><a href=\"https:\/\/pisam.de\/wordpress\/wp-content\/uploads\/2026\/03\/Mandelbrot20-1-scaled.jpg\"><img loading=\"lazy\" decoding=\"async\" width=\"1024\" height=\"640\" data-id=\"338\" src=\"https:\/\/pisam.de\/wordpress\/wp-content\/uploads\/2026\/03\/Mandelbrot20-1-1024x640.jpg\" alt=\"\" class=\"wp-image-338\" srcset=\"https:\/\/pisam.de\/wordpress\/wp-content\/uploads\/2026\/03\/Mandelbrot20-1-1024x640.jpg 1024w, https:\/\/pisam.de\/wordpress\/wp-content\/uploads\/2026\/03\/Mandelbrot20-1-300x188.jpg 300w, https:\/\/pisam.de\/wordpress\/wp-content\/uploads\/2026\/03\/Mandelbrot20-1-768x480.jpg 768w, https:\/\/pisam.de\/wordpress\/wp-content\/uploads\/2026\/03\/Mandelbrot20-1-1536x960.jpg 1536w, https:\/\/pisam.de\/wordpress\/wp-content\/uploads\/2026\/03\/Mandelbrot20-1-2048x1280.jpg 2048w\" sizes=\"auto, (max-width: 1024px) 100vw, 1024px\" \/><\/a><\/figure>\n\n\n\n<figure class=\"wp-block-image size-large\"><a href=\"https:\/\/pisam.de\/wordpress\/wp-content\/uploads\/2026\/03\/Mandelbrot25-1-scaled.jpg\"><img loading=\"lazy\" decoding=\"async\" width=\"1024\" height=\"640\" data-id=\"346\" src=\"https:\/\/pisam.de\/wordpress\/wp-content\/uploads\/2026\/03\/Mandelbrot25-1-1024x640.jpg\" alt=\"\" class=\"wp-image-346\" srcset=\"https:\/\/pisam.de\/wordpress\/wp-content\/uploads\/2026\/03\/Mandelbrot25-1-1024x640.jpg 1024w, https:\/\/pisam.de\/wordpress\/wp-content\/uploads\/2026\/03\/Mandelbrot25-1-300x188.jpg 300w, https:\/\/pisam.de\/wordpress\/wp-content\/uploads\/2026\/03\/Mandelbrot25-1-768x480.jpg 768w, https:\/\/pisam.de\/wordpress\/wp-content\/uploads\/2026\/03\/Mandelbrot25-1-1536x960.jpg 1536w, https:\/\/pisam.de\/wordpress\/wp-content\/uploads\/2026\/03\/Mandelbrot25-1-2048x1280.jpg 2048w\" sizes=\"auto, (max-width: 1024px) 100vw, 1024px\" \/><\/a><\/figure>\n\n\n\n<figure class=\"wp-block-image size-large\"><a href=\"https:\/\/pisam.de\/wordpress\/wp-content\/uploads\/2026\/03\/Mandelbrot26-1-scaled.jpg\"><img loading=\"lazy\" decoding=\"async\" width=\"1024\" height=\"640\" data-id=\"351\" src=\"https:\/\/pisam.de\/wordpress\/wp-content\/uploads\/2026\/03\/Mandelbrot26-1-1024x640.jpg\" alt=\"\" class=\"wp-image-351\" srcset=\"https:\/\/pisam.de\/wordpress\/wp-content\/uploads\/2026\/03\/Mandelbrot26-1-1024x640.jpg 1024w, https:\/\/pisam.de\/wordpress\/wp-content\/uploads\/2026\/03\/Mandelbrot26-1-300x188.jpg 300w, https:\/\/pisam.de\/wordpress\/wp-content\/uploads\/2026\/03\/Mandelbrot26-1-768x480.jpg 768w, https:\/\/pisam.de\/wordpress\/wp-content\/uploads\/2026\/03\/Mandelbrot26-1-1536x960.jpg 1536w, https:\/\/pisam.de\/wordpress\/wp-content\/uploads\/2026\/03\/Mandelbrot26-1-2048x1280.jpg 2048w\" sizes=\"auto, (max-width: 1024px) 100vw, 1024px\" \/><\/a><\/figure>\n\n\n\n<figure class=\"wp-block-image size-large\"><a href=\"https:\/\/pisam.de\/wordpress\/wp-content\/uploads\/2026\/03\/Mandelbrot27-1-scaled.jpg\"><img loading=\"lazy\" decoding=\"async\" width=\"1024\" height=\"640\" data-id=\"347\" src=\"https:\/\/pisam.de\/wordpress\/wp-content\/uploads\/2026\/03\/Mandelbrot27-1-1024x640.jpg\" alt=\"\" class=\"wp-image-347\" srcset=\"https:\/\/pisam.de\/wordpress\/wp-content\/uploads\/2026\/03\/Mandelbrot27-1-1024x640.jpg 1024w, https:\/\/pisam.de\/wordpress\/wp-content\/uploads\/2026\/03\/Mandelbrot27-1-300x188.jpg 300w, https:\/\/pisam.de\/wordpress\/wp-content\/uploads\/2026\/03\/Mandelbrot27-1-768x480.jpg 768w, https:\/\/pisam.de\/wordpress\/wp-content\/uploads\/2026\/03\/Mandelbrot27-1-1536x960.jpg 1536w, https:\/\/pisam.de\/wordpress\/wp-content\/uploads\/2026\/03\/Mandelbrot27-1-2048x1280.jpg 2048w\" sizes=\"auto, (max-width: 1024px) 100vw, 1024px\" \/><\/a><\/figure>\n\n\n\n<figure class=\"wp-block-image size-large\"><a href=\"https:\/\/pisam.de\/wordpress\/wp-content\/uploads\/2026\/03\/Mandelbrot28-1-scaled.jpg\"><img loading=\"lazy\" decoding=\"async\" width=\"1024\" height=\"640\" data-id=\"349\" src=\"https:\/\/pisam.de\/wordpress\/wp-content\/uploads\/2026\/03\/Mandelbrot28-1-1024x640.jpg\" alt=\"\" class=\"wp-image-349\" srcset=\"https:\/\/pisam.de\/wordpress\/wp-content\/uploads\/2026\/03\/Mandelbrot28-1-1024x640.jpg 1024w, https:\/\/pisam.de\/wordpress\/wp-content\/uploads\/2026\/03\/Mandelbrot28-1-300x188.jpg 300w, https:\/\/pisam.de\/wordpress\/wp-content\/uploads\/2026\/03\/Mandelbrot28-1-768x480.jpg 768w, https:\/\/pisam.de\/wordpress\/wp-content\/uploads\/2026\/03\/Mandelbrot28-1-1536x960.jpg 1536w, https:\/\/pisam.de\/wordpress\/wp-content\/uploads\/2026\/03\/Mandelbrot28-1-2048x1280.jpg 2048w\" sizes=\"auto, (max-width: 1024px) 100vw, 1024px\" \/><\/a><\/figure>\n\n\n\n<figure class=\"wp-block-image size-large\"><a href=\"https:\/\/pisam.de\/wordpress\/wp-content\/uploads\/2026\/03\/Mandelbrot29-1-scaled.jpg\"><img loading=\"lazy\" decoding=\"async\" width=\"1024\" height=\"640\" data-id=\"350\" src=\"https:\/\/pisam.de\/wordpress\/wp-content\/uploads\/2026\/03\/Mandelbrot29-1-1024x640.jpg\" alt=\"\" class=\"wp-image-350\" srcset=\"https:\/\/pisam.de\/wordpress\/wp-content\/uploads\/2026\/03\/Mandelbrot29-1-1024x640.jpg 1024w, https:\/\/pisam.de\/wordpress\/wp-content\/uploads\/2026\/03\/Mandelbrot29-1-300x188.jpg 300w, https:\/\/pisam.de\/wordpress\/wp-content\/uploads\/2026\/03\/Mandelbrot29-1-768x480.jpg 768w, https:\/\/pisam.de\/wordpress\/wp-content\/uploads\/2026\/03\/Mandelbrot29-1-1536x960.jpg 1536w, https:\/\/pisam.de\/wordpress\/wp-content\/uploads\/2026\/03\/Mandelbrot29-1-2048x1280.jpg 2048w\" sizes=\"auto, (max-width: 1024px) 100vw, 1024px\" \/><\/a><\/figure>\n<\/figure>\n\n\n\n<div style=\"height:53px\" aria-hidden=\"true\" class=\"wp-block-spacer\"><\/div>\n\n\n\n<p>Es ist ein lohnendes Projekt f\u00fcr strebsame Sch\u00fcler mit mathematischem Interesse und Grundkenntnissen in einer beliebigen Programmiersprache, ein Programm zu schreiben, das \u00e4hnliche wie die gezeigten Bilder und viele andere vielleicht noch sch\u00f6nere erzeugt.<\/p>\n","protected":false},"excerpt":{"rendered":"<p>Die Mandelbrotmenge, Die angesprochenen &#8222;Strukturen von seltener Sch\u00f6nheit&#8220; entstehen am Rand der Menge, wenn die Einf\u00e4rbung der generierenden Punkte a nach folgender Regel erfolgt: Die Farbe Rot ist f\u00fcr die Punkte reserviert, die beschr\u00e4nkte Folgen erzeugen, sie geh\u00f6ren zur Mandelbrotmenge. Die anderen Farben werden je nach der Geschwindigkeit vergeben, mit der die Folge sich vom [&hellip;]<\/p>\n","protected":false},"author":1,"featured_media":0,"parent":0,"menu_order":6,"comment_status":"closed","ping_status":"closed","template":"","meta":{"footnotes":""},"class_list":["post-254","page","type-page","status-publish","hentry"],"_links":{"self":[{"href":"https:\/\/pisam.de\/index.php\/wp-json\/wp\/v2\/pages\/254","targetHints":{"allow":["GET"]}}],"collection":[{"href":"https:\/\/pisam.de\/index.php\/wp-json\/wp\/v2\/pages"}],"about":[{"href":"https:\/\/pisam.de\/index.php\/wp-json\/wp\/v2\/types\/page"}],"author":[{"embeddable":true,"href":"https:\/\/pisam.de\/index.php\/wp-json\/wp\/v2\/users\/1"}],"replies":[{"embeddable":true,"href":"https:\/\/pisam.de\/index.php\/wp-json\/wp\/v2\/comments?post=254"}],"version-history":[{"count":17,"href":"https:\/\/pisam.de\/index.php\/wp-json\/wp\/v2\/pages\/254\/revisions"}],"predecessor-version":[{"id":590,"href":"https:\/\/pisam.de\/index.php\/wp-json\/wp\/v2\/pages\/254\/revisions\/590"}],"wp:attachment":[{"href":"https:\/\/pisam.de\/index.php\/wp-json\/wp\/v2\/media?parent=254"}],"curies":[{"name":"wp","href":"https:\/\/api.w.org\/{rel}","templated":true}]}}