{"id":119,"date":"2026-03-04T13:01:42","date_gmt":"2026-03-04T13:01:42","guid":{"rendered":"https:\/\/pisam.de\/?page_id=119"},"modified":"2026-03-22T06:22:47","modified_gmt":"2026-03-22T06:22:47","slug":"119-2","status":"publish","type":"page","link":"https:\/\/pisam.de\/index.php\/119-2\/","title":{"rendered":"Herbert Sauber"},"content":{"rendered":"\n<div class=\"wp-block-columns is-layout-flex wp-container-core-columns-is-layout-28f84493 wp-block-columns-is-layout-flex\">\n<div class=\"wp-block-column is-layout-flow wp-block-column-is-layout-flow\" style=\"flex-basis:50%\"><h3 class=\"has-text-align-left alignwide wp-block-post-title has-xx-large-font-size\">Herbert Sauber<\/h3><\/div>\n\n\n\n<div class=\"wp-block-column is-layout-flow wp-block-column-is-layout-flow\"><\/div>\n\n\n\n<div class=\"wp-block-column is-layout-flow wp-block-column-is-layout-flow\" style=\"flex-basis:50%\"><\/div>\n<\/div>\n\n\n\n<div class=\"wp-block-columns is-layout-flex wp-container-core-columns-is-layout-28f84493 wp-block-columns-is-layout-flex\">\n<div class=\"wp-block-column is-vertically-aligned-center is-layout-flow wp-block-column-is-layout-flow\" style=\"flex-basis:33.33%\">\n<figure class=\"wp-block-image size-large is-resized\"><img loading=\"lazy\" decoding=\"async\" width=\"942\" height=\"1024\" src=\"https:\/\/pisam.de\/wordpress\/wp-content\/uploads\/2026\/03\/Herbert-942x1024.jpg\" alt=\"\" class=\"wp-image-70\" style=\"aspect-ratio:0.9199417758369723;width:299px;height:auto\" srcset=\"https:\/\/pisam.de\/wordpress\/wp-content\/uploads\/2026\/03\/Herbert-942x1024.jpg 942w, https:\/\/pisam.de\/wordpress\/wp-content\/uploads\/2026\/03\/Herbert-276x300.jpg 276w, https:\/\/pisam.de\/wordpress\/wp-content\/uploads\/2026\/03\/Herbert-768x835.jpg 768w, https:\/\/pisam.de\/wordpress\/wp-content\/uploads\/2026\/03\/Herbert-1414x1536.jpg 1414w, https:\/\/pisam.de\/wordpress\/wp-content\/uploads\/2026\/03\/Herbert.jpg 1662w\" sizes=\"auto, (max-width: 942px) 100vw, 942px\" \/><\/figure>\n<\/div>\n\n\n\n<div class=\"wp-block-column has-global-padding is-layout-constrained wp-block-column-is-layout-constrained\" style=\"flex-basis:66.66%\">\n<p style=\"font-size:clamp(1.092rem, 1.092rem + ((1vw - 0.2rem) * 0.954), 1.7rem);\"><strong>Diese Website ist im Wesentlichen der Astronomie gewidmet, meinem langj\u00e4hrigen Hobby.<\/strong><\/p>\n\n\n\n<p style=\"font-size:clamp(14px, 0.875rem + ((1vw - 3.2px) * 0.588), 20px);\">Es hat sich entwickelt aus einem seit Sch\u00fclerzeiten bestehenden Interesse an Naturwissenschaft und nimmt mit den Freiheiten, die sich nach meinem Ausscheiden aus dem Schuldienst bieten, einen bedeutenden Teil meiner T\u00e4tigkeit ein.<\/p>\n\n\n\n<p style=\"font-size:clamp(14px, 0.875rem + ((1vw - 3.2px) * 0.588), 20px);\">Den Ansto\u00df zur Besch\u00e4ftigung mit praktischer Astronomie gaben Sch\u00fcler meines ersten Physikleistungskurses, den ich in den 1980er Jahren am Marie-Curie-Gymnasium in Berlin-Wilmersdorf unterrichte. Unter ihrer Anleitung konnte ich zum ersten Mal durch ein Teleskop der Wilhelm-F\u00f6rster-Sternwarte einen Blick auf die Mondkrater werfen. Ein unvergessliches Erlebnis! Es dauerte dann aber noch fast zehn Jahre, bis ich, inzwischen als Lehrer an der Europ\u00e4ischen Schule in Br\u00fcssel t\u00e4tig, neben famili\u00e4ren und beruflichen Priorit\u00e4ten mein erstes Teleskop, ein Celestron C8, anschaffen konnte. Es ist ein ideales Einsteigerger\u00e4t, weil es universell einsetzbar ist, sogar f\u00fcr die Astrofotografie, und gleichzeitig auf allen Feldern Wege weist f\u00fcr die weitere Vertiefung.<\/p>\n<\/div>\n<\/div>\n\n\n\n<div class=\"wp-block-media-text is-stacked-on-mobile is-vertically-aligned-center\" style=\"font-size:clamp(0.875rem, 0.875rem + ((1vw - 0.2rem) * 0.196), 1rem);grid-template-columns:31% auto\"><figure class=\"wp-block-media-text__media\"><img loading=\"lazy\" decoding=\"async\" width=\"1024\" height=\"853\" src=\"https:\/\/pisam.de\/wordpress\/wp-content\/uploads\/2026\/03\/C8-mit-Enkeln-1024x853.jpg\" alt=\"\" class=\"wp-image-147 size-full\" srcset=\"https:\/\/pisam.de\/wordpress\/wp-content\/uploads\/2026\/03\/C8-mit-Enkeln-1024x853.jpg 1024w, https:\/\/pisam.de\/wordpress\/wp-content\/uploads\/2026\/03\/C8-mit-Enkeln-300x250.jpg 300w, https:\/\/pisam.de\/wordpress\/wp-content\/uploads\/2026\/03\/C8-mit-Enkeln-768x639.jpg 768w, https:\/\/pisam.de\/wordpress\/wp-content\/uploads\/2026\/03\/C8-mit-Enkeln-1536x1279.jpg 1536w, https:\/\/pisam.de\/wordpress\/wp-content\/uploads\/2026\/03\/C8-mit-Enkeln-2048x1705.jpg 2048w\" sizes=\"auto, (max-width: 1024px) 100vw, 1024px\" \/><\/figure><div class=\"wp-block-media-text__content\">\n<p class=\"is-style-text-display is-style-text-display--1\" style=\"margin-top:0;margin-bottom:0;font-size:clamp(0.875rem, 0.875rem + ((1vw - 0.2rem) * 0.667), 1.3rem);line-height:1.5\">Ich lernte, mich am Nachthimmel zu orientieren, besch\u00e4ftigte mich mit Astrophysik und mir gelangen nach zahllosen Fehlversuchen die ersten Astroaufnahmen mit&nbsp;stundenlangem, manuellen Nachf\u00fchren bei -10C\u00b0 Au\u00dfentemperatur w\u00e4hrend eines Skiurlaubs in den Schweizer Bergen. Die Astrofotografie ohne Digitalkamera und computergesteuertes Teleskop war m\u00fchsam. Das C8 ist zum schnellen Beobachten immer noch sehr praktisch; ich benutze es in den letzten Jahren, um meine Enkelkinder f\u00fcr die Astronomie zu interessieren.<\/p>\n<\/div><\/div>\n\n\n\n<div class=\"wp-block-media-text is-stacked-on-mobile is-vertically-aligned-center\" style=\"font-size:clamp(0.875rem, 0.875rem + ((1vw - 0.2rem) * 0.196), 1rem);grid-template-columns:31% auto\"><figure class=\"wp-block-media-text__media\"><a href=\"https:\/\/pisam.de\/wordpress\/wp-content\/uploads\/2026\/03\/Starfire-in-KS-scaled.jpg\"><img loading=\"lazy\" decoding=\"async\" width=\"1024\" height=\"683\" src=\"https:\/\/pisam.de\/wordpress\/wp-content\/uploads\/2026\/03\/Starfire-in-KS-1024x683.jpg\" alt=\"\" class=\"wp-image-71 size-full\" srcset=\"https:\/\/pisam.de\/wordpress\/wp-content\/uploads\/2026\/03\/Starfire-in-KS-1024x683.jpg 1024w, https:\/\/pisam.de\/wordpress\/wp-content\/uploads\/2026\/03\/Starfire-in-KS-300x200.jpg 300w, https:\/\/pisam.de\/wordpress\/wp-content\/uploads\/2026\/03\/Starfire-in-KS-768x512.jpg 768w, https:\/\/pisam.de\/wordpress\/wp-content\/uploads\/2026\/03\/Starfire-in-KS-1536x1024.jpg 1536w, https:\/\/pisam.de\/wordpress\/wp-content\/uploads\/2026\/03\/Starfire-in-KS-2048x1365.jpg 2048w\" sizes=\"auto, (max-width: 1024px) 100vw, 1024px\" \/><\/a><\/figure><div class=\"wp-block-media-text__content\">\n<p class=\"is-style-text-display is-style-text-display--2\" style=\"margin-top:0;margin-bottom:0;font-size:clamp(0.875rem, 0.875rem + ((1vw - 0.2rem) * 0.667), 1.3rem);line-height:1.5\">1995 war die sch\u00f6ne Br\u00fcsseler Zeit zu Ende. Zur\u00fcck in Berlin lie\u00dfen neue schulische Aufgaben als stellvertretender Schulleiter am Franz\u00f6sischen Gymnasium, sp\u00e4ter als Schulleiter an der Deutschen Schule Taipeh und dann wieder als Schulleiter am Georg-B\u00fcchner-Gymnasium in Berlin der astronomischen T\u00e4tigkeit nur wenig Raum. <\/p>\n<\/div><\/div>\n\n\n\n<div class=\"wp-block-media-text is-stacked-on-mobile is-vertically-aligned-center\" style=\"font-size:clamp(0.875rem, 0.875rem + ((1vw - 0.2rem) * 0.196), 1rem);grid-template-columns:31% auto\"><figure class=\"wp-block-media-text__media\"><a href=\"https:\/\/pisam.de\/wordpress\/wp-content\/uploads\/2026\/03\/Remote-am-Anfang-scaled.jpg\"><img loading=\"lazy\" decoding=\"async\" width=\"1024\" height=\"683\" src=\"https:\/\/pisam.de\/wordpress\/wp-content\/uploads\/2026\/03\/Remote-am-Anfang-1024x683.jpg\" alt=\"\" class=\"wp-image-24 size-full\" srcset=\"https:\/\/pisam.de\/wordpress\/wp-content\/uploads\/2026\/03\/Remote-am-Anfang-1024x683.jpg 1024w, https:\/\/pisam.de\/wordpress\/wp-content\/uploads\/2026\/03\/Remote-am-Anfang-300x200.jpg 300w, https:\/\/pisam.de\/wordpress\/wp-content\/uploads\/2026\/03\/Remote-am-Anfang-768x512.jpg 768w, https:\/\/pisam.de\/wordpress\/wp-content\/uploads\/2026\/03\/Remote-am-Anfang-1536x1024.jpg 1536w, https:\/\/pisam.de\/wordpress\/wp-content\/uploads\/2026\/03\/Remote-am-Anfang-2048x1365.jpg 2048w\" sizes=\"auto, (max-width: 1024px) 100vw, 1024px\" \/><\/a><\/figure><div class=\"wp-block-media-text__content\">\n<p class=\"is-style-text-display is-style-text-display--3\" style=\"margin-top:0;margin-bottom:0;font-size:clamp(0.875rem, 0.875rem + ((1vw - 0.2rem) * 0.667), 1.3rem);line-height:1.5\">Das \u00e4nderte sich, als ich nach einem Namibiaurlaub 2008 zusammen mit meiner Frau die Hakos-G\u00e4stefarm und die dort mit ihren Teleskopen angesiedelte Internationale-Amateur-Sternwarte kennenlernte. Ein neues Teleskop, ein 130mm Astro-Physics Refraktor auf einer Mach1 GTO Montierung und einer festen S\u00e4ule auf der Terrasse unseres Hauses bei Berlin, nach und nach diverse Digitalkameras und vor allem der Gedankenaustausch mit den Astrofreunden bei den nun folgenden regelm\u00e4\u00dfigen Aufenthalten auf der Astrofarm Hakos in Namibia entfachten wieder das alte Feuer. 2012 schied ich aus dem Schuldienst aus und ich habe jetzt neben nur noch famili\u00e4ren Verpflichtungen die Mu\u00dfe, Physik- und Astronomie-Vorlesungen zu besuchen und kann meine Fototechnik verbessern.<\/p>\n<\/div><\/div>\n\n\n\n<div class=\"wp-block-media-text is-stacked-on-mobile is-vertically-aligned-center\" style=\"font-size:clamp(0.875rem, 0.875rem + ((1vw - 0.2rem) * 0.196), 1rem);grid-template-columns:31% auto\"><figure class=\"wp-block-media-text__media\"><a href=\"https:\/\/pisam.de\/wordpress\/wp-content\/uploads\/2026\/03\/MG_5251-scaled.jpg\"><img loading=\"lazy\" decoding=\"async\" width=\"1024\" height=\"683\" src=\"https:\/\/pisam.de\/wordpress\/wp-content\/uploads\/2026\/03\/MG_5251-1024x683.jpg\" alt=\"\" class=\"wp-image-159 size-full\" srcset=\"https:\/\/pisam.de\/wordpress\/wp-content\/uploads\/2026\/03\/MG_5251-1024x683.jpg 1024w, https:\/\/pisam.de\/wordpress\/wp-content\/uploads\/2026\/03\/MG_5251-300x200.jpg 300w, https:\/\/pisam.de\/wordpress\/wp-content\/uploads\/2026\/03\/MG_5251-768x512.jpg 768w, https:\/\/pisam.de\/wordpress\/wp-content\/uploads\/2026\/03\/MG_5251-1536x1024.jpg 1536w, https:\/\/pisam.de\/wordpress\/wp-content\/uploads\/2026\/03\/MG_5251-2048x1365.jpg 2048w\" sizes=\"auto, (max-width: 1024px) 100vw, 1024px\" \/><\/a><\/figure><div class=\"wp-block-media-text__content\">\n<p class=\"is-style-text-display is-style-text-display--4\" style=\"margin-top:0;margin-bottom:0;font-size:clamp(0.875rem, 0.875rem + ((1vw - 0.2rem) * 0.667), 1.3rem);line-height:1.5\">2016 begann die Planung f\u00fcr den Aufbau und 2017 erfolgte die Inbetriebnahme meiner Remote-Sternwarte in Namibia, ein weiterer H\u00f6hepunkt meines Astrohobbys. Eine 10Micron GM2000 Montierung tr\u00e4gt einen 4&#8243;-Takahashi-Refraktor mit einer SBIG STXL-11002 Kamera. Im Juni 2018 stellte mein Astrofreund Werner M\u00f6hler aus Aachen seinen 300mm RC- Reflektor mit einer QHY600 f\u00fcr die Remote-Sternwarte zur Verf\u00fcgung, die wir seitdem gemeinsam betreiben.<\/p>\n<\/div><\/div>\n\n\n\n<div class=\"wp-block-media-text is-stacked-on-mobile is-vertically-aligned-center\" style=\"font-size:clamp(0.875rem, 0.875rem + ((1vw - 0.2rem) * 0.196), 1rem);grid-template-columns:31% auto\"><figure class=\"wp-block-media-text__media\"><a href=\"https:\/\/pisam.de\/wordpress\/wp-content\/uploads\/2026\/03\/SternwarteSellendorf-Winter-scaled.jpeg\"><img loading=\"lazy\" decoding=\"async\" width=\"1024\" height=\"768\" src=\"https:\/\/pisam.de\/wordpress\/wp-content\/uploads\/2026\/03\/SternwarteSellendorf-Winter-1024x768.jpeg\" alt=\"\" class=\"wp-image-93 size-full\" srcset=\"https:\/\/pisam.de\/wordpress\/wp-content\/uploads\/2026\/03\/SternwarteSellendorf-Winter-1024x768.jpeg 1024w, https:\/\/pisam.de\/wordpress\/wp-content\/uploads\/2026\/03\/SternwarteSellendorf-Winter-300x225.jpeg 300w, https:\/\/pisam.de\/wordpress\/wp-content\/uploads\/2026\/03\/SternwarteSellendorf-Winter-768x576.jpeg 768w, https:\/\/pisam.de\/wordpress\/wp-content\/uploads\/2026\/03\/SternwarteSellendorf-Winter-1536x1152.jpeg 1536w, https:\/\/pisam.de\/wordpress\/wp-content\/uploads\/2026\/03\/SternwarteSellendorf-Winter-2048x1536.jpeg 2048w\" sizes=\"auto, (max-width: 1024px) 100vw, 1024px\" \/><\/a><\/figure><div class=\"wp-block-media-text__content\">\n<p class=\"is-style-text-display is-style-text-display--5\" style=\"margin-top:0;margin-bottom:0;font-size:clamp(0.875rem, 0.875rem + ((1vw - 0.2rem) * 0.667), 1.3rem);line-height:1.5\">2020 w\u00e4hrend der Coronazeit beschlossen Werner und ich den Aufbau einer zweiten Remote-Sternwarte, diesmal auf der Nordhalbkugel 100 km s\u00fcdlich von Berlin, im Spreewald. In der N\u00e4he des kleinen Dorfes Sellendorf ist der Nachthimmel noch so dunkel, wie ich ihn aus Kindertagen im Hunsr\u00fcck in Erinnerung habe. Es gibt zwar nicht die vielen klaren N\u00e4chte wie in Namibia, aber es gelingen hier auch sch\u00f6ne Astroaufnahmen.<\/p>\n<\/div><\/div>\n\n\n\n<div style=\"height:100px\" aria-hidden=\"true\" class=\"wp-block-spacer\"><\/div>\n\n\n\n<div class=\"wp-block-media-text is-stacked-on-mobile is-vertically-aligned-center\" style=\"font-size:clamp(0.875rem, 0.875rem + ((1vw - 0.2rem) * 0.196), 1rem);grid-template-columns:31% auto\"><figure class=\"wp-block-media-text__media\"><a href=\"https:\/\/pisam.de\/wordpress\/wp-content\/uploads\/2026\/03\/DSCN2247.jpg\"><img loading=\"lazy\" decoding=\"async\" width=\"1024\" height=\"768\" src=\"https:\/\/pisam.de\/wordpress\/wp-content\/uploads\/2026\/03\/DSCN2247-1024x768.jpg\" alt=\"\" class=\"wp-image-151 size-full\" srcset=\"https:\/\/pisam.de\/wordpress\/wp-content\/uploads\/2026\/03\/DSCN2247-1024x768.jpg 1024w, https:\/\/pisam.de\/wordpress\/wp-content\/uploads\/2026\/03\/DSCN2247-300x225.jpg 300w, https:\/\/pisam.de\/wordpress\/wp-content\/uploads\/2026\/03\/DSCN2247-768x576.jpg 768w, https:\/\/pisam.de\/wordpress\/wp-content\/uploads\/2026\/03\/DSCN2247-1536x1152.jpg 1536w, https:\/\/pisam.de\/wordpress\/wp-content\/uploads\/2026\/03\/DSCN2247-2048x1536.jpg 2048w\" sizes=\"auto, (max-width: 1024px) 100vw, 1024px\" \/><\/a><\/figure><div class=\"wp-block-media-text__content\">\n<p class=\"is-style-text-display has-contrast-color has-text-color has-link-color wp-elements-f4394124661b1f0381ea80601c6e4d32 is-style-text-display--6\" style=\"margin-top:0;margin-bottom:0;font-size:clamp(0.984rem, 0.984rem + ((1vw - 0.2rem) * 0.809), 1.5rem);line-height:1.5\"><strong>PISAM<\/strong>, der Name meiner Homepage, wurde im Jahr 2000 bei der Gr\u00fcndung meines ersten Webauftritts gew\u00e4hlt. Es sind die Anfangsbuchstaben meiner damaligen Hauptbesch\u00e4ftigungen:\u00a0<strong>P<\/strong>hysik,\u00a0<strong>I<\/strong>nformatik,\u00a0<strong>S<\/strong>chule,\u00a0<strong>A<\/strong>stronomie und\u00a0<strong>M<\/strong>athematik. <br>Diese Themen spielen auch heute noch eine wichtige Rolle in meinem Leben. Nur die Schule, f\u00fcr die ich \u00fcber drei Jahrzehnte mit Leidenschaft und Hingabe gearbeitet habe, beobachte ich inzwischen mit kritischer Distanz, weil ihre Inhalte und Aufgaben so deformiert wurden, dass meine als Lehrer vertretenen Werte allenfalls noch eine untergeordnete Rolle spielen.<\/p>\n\n\n\n<p><\/p>\n\n\n\n<p style=\"font-size:clamp(20px, 1.25rem + ((1vw - 3.2px) * 1.176), 32px);\"><strong><em>Kontakt: hs@Name der Website.de<\/em><\/strong><\/p>\n<\/div><\/div>\n","protected":false},"excerpt":{"rendered":"<p>Diese Website ist im Wesentlichen der Astronomie gewidmet, meinem langj\u00e4hrigen Hobby. Es hat sich entwickelt aus einem seit Sch\u00fclerzeiten bestehenden Interesse an Naturwissenschaft und nimmt mit den Freiheiten, die sich nach meinem Ausscheiden aus dem Schuldienst bieten, einen bedeutenden Teil meiner T\u00e4tigkeit ein. Den Ansto\u00df zur Besch\u00e4ftigung mit praktischer Astronomie gaben Sch\u00fcler meines ersten Physikleistungskurses, [&hellip;]<\/p>\n","protected":false},"author":1,"featured_media":0,"parent":0,"menu_order":1,"comment_status":"closed","ping_status":"closed","template":"","meta":{"footnotes":""},"class_list":["post-119","page","type-page","status-publish","hentry"],"_links":{"self":[{"href":"https:\/\/pisam.de\/index.php\/wp-json\/wp\/v2\/pages\/119","targetHints":{"allow":["GET"]}}],"collection":[{"href":"https:\/\/pisam.de\/index.php\/wp-json\/wp\/v2\/pages"}],"about":[{"href":"https:\/\/pisam.de\/index.php\/wp-json\/wp\/v2\/types\/page"}],"author":[{"embeddable":true,"href":"https:\/\/pisam.de\/index.php\/wp-json\/wp\/v2\/users\/1"}],"replies":[{"embeddable":true,"href":"https:\/\/pisam.de\/index.php\/wp-json\/wp\/v2\/comments?post=119"}],"version-history":[{"count":42,"href":"https:\/\/pisam.de\/index.php\/wp-json\/wp\/v2\/pages\/119\/revisions"}],"predecessor-version":[{"id":574,"href":"https:\/\/pisam.de\/index.php\/wp-json\/wp\/v2\/pages\/119\/revisions\/574"}],"wp:attachment":[{"href":"https:\/\/pisam.de\/index.php\/wp-json\/wp\/v2\/media?parent=119"}],"curies":[{"name":"wp","href":"https:\/\/api.w.org\/{rel}","templated":true}]}}